{"id":2507,"date":"2024-03-27T14:19:50","date_gmt":"2024-03-27T13:19:50","guid":{"rendered":"http:\/\/chauffeur-prive-nantes.fr\/?page_id=2507"},"modified":"2024-03-27T14:19:51","modified_gmt":"2024-03-27T13:19:51","slug":"chauffeur-vtc-nantes","status":"publish","type":"page","link":"https:\/\/chauffeur-prive-nantes.fr\/index.php\/chauffeur-vtc-nantes\/","title":{"rendered":"Chauffeur VTC NANTES"},"content":{"rendered":"\n<p>Contactez <strong>Chauffeur Vtc Nantes<\/strong>\u00a0au +33768272661, Pour tout type de transfert \u00e0 Nantes et Pays de Loire vers la destination de votre choix.<\/p>\n\n\n\n<p id=\"block-67792385-29eb-45ce-8517-6e2995f1a0fc\"><strong>Chauffeur Vtc Nantes<\/strong>\u00a0est une soci\u00e9t\u00e9 de Voiture de Tourisme avec Chauffeur (VTC) \u00e0\u00a0<strong>Nantes<\/strong>\u00a0qui dessert toutes les destinations.<\/p>\n\n\n\n<p id=\"block-2261ba55-69ec-491c-8ff1-43f5e789283a\"><\/p>\n\n\n\n<p id=\"block-50ed46c1-3170-45ab-b062-0cb2c7d61b07\"><strong>Chauffeur Vtc Nantes<\/strong>\u00a0vous propose un service de qualit\u00e9, exceptionnel, professionnel et discret pour tout l&rsquo;ensemble de vos d\u00e9placements \u00e0<strong>\u00a0Nantes<\/strong>\u00a0vers toute la Loire Atlantique ou au del\u00e0 (Renne, Angers, Noirmoutier, Fromentine, Saint Nazaire, La Baule &#8230;).<\/p>\n\n\n\n<p id=\"block-e627e265-07fe-4a99-bb59-837a3cbf0f03\">Planifiez d\u00e8s maintenant votre prochain voyage et comptez sur notre ponctualit\u00e9 et notre exp\u00e9rience pour vous conduire en toute s\u00e9curit\u00e9 en veillant \u00e0 votre confort.<\/p>\n\n\n\n<p id=\"block-b6ad8d76-2579-461a-8f66-064390335290\">Nos chauffeurs sont nos principales atouts, ils sont qualifi\u00e9s, exp\u00e9riment\u00e9s et courtois, ils connaissent parfaitement les meilleurs itin\u00e9raires, pour vous assurer une ponctualit\u00e9 sans faille au d\u00e9part comme \u00e0 l\u2019arriv\u00e9e \u00e0 Nantes.<\/p>\n\n\n\n<p id=\"block-eb541748-c378-4a29-8986-39de7eb55956\">Avec le service\u00a0<strong>Chauffeur Vtc Nantes<\/strong>, vous connaissez \u00e0 l&rsquo;avance le prix de la prestation. Il est inchangeable et ne subit aucun suppl\u00e9mentaire. A bord de nos sublimes v\u00e9hicules vous retrouverez des rafra\u00eechissements, de quoi \u00e0 recharger votre smartphone afin de vous d\u00e9tendre tout au long de votre trajet.<\/p>\n\n\n\n<p id=\"block-360e5abc-199e-42be-a72e-aed36d39254c\"><strong>R\u00e9servez <strong>Chauffeur Vtc Nantes<\/strong> (44000) pour acc\u00e9der aux nombreux avantages.<\/strong><\/p>\n\n\n\n<p id=\"block-de728574-a1e1-46d7-b9f5-f63942a5e750\">R\u00e9servation simple et rapide, prix fixes, transports priv\u00e9s. Il n&rsquo;est pas \u00e0 n\u00e9gliger que notre syst\u00e8me de tarification au forfait tout compris arrange plus d&rsquo;un. Les tarifs indiqu\u00e9s restent fixes quelques soient les al\u00e9as de la circulation ou du trafic. Pour effectuer votre r\u00e9servation, utilisez le calculateur de notre page d&rsquo;accueil. Vous pouvez \u00e9galement passer par la rubrique Contact pour formuler votre demande, nous \u00e9tudierons pour vous la meilleure solution pour vos besoins de<strong>&nbsp;d\u00e9placements<\/strong>. Pour toutes demandes particuli\u00e8res vous pouvez nous adresser votre demande d\u00e9taill\u00e9e par email ou appeler directement notre centre d&rsquo;appel joignable \u00e0 tout moment, 24\/7. Une fois votre commande effectu\u00e9e, vous recevrez une confirmation avec les coordonn\u00e9es de votre chauffeur.<\/p>\n\n\n\n<p id=\"block-6e726607-33d7-493d-900b-c227c15b725e\">Pour votre satisfaction\u00a0<strong>Chauffeur Vtc Nantes<\/strong>\u00a0est disponible 365 jours et 24h toute l&rsquo;ann\u00e9e Et oui, sans interruption m\u00eame les jours f\u00e9ri\u00e9s.\u00a0<\/p>\n\n\n\n<p id=\"block-fa28b412-2dd1-44e6-8740-133659454a78\">Alors, dor\u00e9navant, pour tout besoin de transport \u00e0 Nantes<strong>\u00a0<\/strong>vers la ville de votre choix<strong>\u00a0<\/strong>ou l&rsquo;inverse, n&rsquo;h\u00e9sitez pas \u00e0 r\u00e9server\u00a0<strong>Chauffeur Vtc Nantes<\/strong>. Nous avons h\u00e2te de vous conduire et de vous satisfaire.<\/p>\n\n\n\n<p id=\"block-aacee4de-a12d-49a8-a2b2-34e26bd7b555\">\ufeff<\/p>\n\n\n\n<p id=\"block-add426b4-ad34-4340-b55c-c5fefa3e318e\">Nos chauffeurs sont nos principales atouts, ils sont qualifi\u00e9s, exp\u00e9riment\u00e9s et courtois, ils connaissent parfaitement les meilleurs itin\u00e9raires, pour vous assurer une ponctualit\u00e9 sans faille au d\u00e9part comme \u00e0 l\u2019arriv\u00e9e \u00e0 Nantes.<\/p>\n\n\n\n<p id=\"block-ebbcb853-a1ec-496d-b7ea-2c219606f2c7\">\ufeff<\/p>\n\n\n\n<p id=\"block-b4772135-4446-45b4-9c3f-e03fb2eac298\">Avec le service\u00a0<strong>Chauffeur Vtc Nantes<\/strong>, vous connaissez \u00e0 l&rsquo;avance le prix de la prestation. Il est inchangeable et ne subit aucun suppl\u00e9mentaire. A bord de nos sublimes v\u00e9hicules vous retrouverez des rafra\u00eechissements, de quoi \u00e0 recharger votre smartphone afin de vous d\u00e9tendre tout au long de votre trajet.<\/p>\n\n\n\n<p id=\"block-a5854075-e656-4860-bd8a-3e482609df6e\">Pour votre satisfaction\u00a0<strong>Chauffeur Vtc Nantes<\/strong>\u00a0est disponible 365 jours et 24h toute l&rsquo;ann\u00e9e Et oui, sans interruption m\u00eame les jours f\u00e9ri\u00e9s.\u00a0<\/p>\n\n\n\n<p id=\"block-2f5e0e00-cd55-4043-bb32-2dff04551c96\">Alors, dor\u00e9navant, pour tout besoin de transport \u00e0 Nantes<strong>\u00a0<\/strong>vers la ville de votre choix<strong>\u00a0<\/strong>ou l&rsquo;inverse, n&rsquo;h\u00e9sitez pas \u00e0 r\u00e9server\u00a0<strong>Chauffeur Vtc Nantes<\/strong>. Nous avons h\u00e2te de vous conduire et de vous satisfaire.<\/p>\n\n\n\n<p id=\"block-9280b6d9-58ee-49c1-9763-d14e83f43b43\">\ufeff<\/p>\n\n\n\n<p id=\"block-424ba5db-e7b7-4f61-be5d-dfa6213802c0\">Planifiez d\u00e8s maintenant votre prochain voyage et comptez sur notre ponctualit\u00e9 et notre exp\u00e9rience pour vous conduire en toute s\u00e9curit\u00e9 en veillant \u00e0 votre confort.<\/p>\n\n\n\n<p id=\"block-3dc45886-97ca-48cc-b72e-3660c6219be5\">Faites confiance \u00e0 une entreprise locale pour tous vos trajets en provenance ou \u00e0 destination de&nbsp;<strong>&nbsp;Nantes<\/strong>, et profitez d\u2019un service de tr\u00e8s haute qualit\u00e9 \u00e0 un prix tr\u00e8s attractif.<\/p>\n","protected":false},"excerpt":{"rendered":"<p>Contactez Chauffeur Vtc Nantes\u00a0au +33768272661, Pour tout type de transfert \u00e0 Nantes et Pays de Loire vers la destination de votre choix. Chauffeur Vtc Nantes\u00a0est une soci\u00e9t\u00e9 de Voiture de Tourisme avec Chauffeur (VTC) \u00e0\u00a0Nantes\u00a0qui dessert toutes les destinations. Chauffeur Vtc Nantes\u00a0vous propose un service de qualit\u00e9, exceptionnel, professionnel et discret pour tout l&rsquo;ensemble de [&hellip;]<\/p>\n","protected":false},"author":1,"featured_media":0,"parent":0,"menu_order":0,"comment_status":"closed","ping_status":"closed","template":"","meta":{"footnotes":""},"class_list":["post-2507","page","type-page","status-publish","hentry"],"_links":{"self":[{"href":"https:\/\/chauffeur-prive-nantes.fr\/index.php\/wp-json\/wp\/v2\/pages\/2507","targetHints":{"allow":["GET"]}}],"collection":[{"href":"https:\/\/chauffeur-prive-nantes.fr\/index.php\/wp-json\/wp\/v2\/pages"}],"about":[{"href":"https:\/\/chauffeur-prive-nantes.fr\/index.php\/wp-json\/wp\/v2\/types\/page"}],"author":[{"embeddable":true,"href":"https:\/\/chauffeur-prive-nantes.fr\/index.php\/wp-json\/wp\/v2\/users\/1"}],"replies":[{"embeddable":true,"href":"https:\/\/chauffeur-prive-nantes.fr\/index.php\/wp-json\/wp\/v2\/comments?post=2507"}],"version-history":[{"count":2,"href":"https:\/\/chauffeur-prive-nantes.fr\/index.php\/wp-json\/wp\/v2\/pages\/2507\/revisions"}],"predecessor-version":[{"id":2871,"href":"https:\/\/chauffeur-prive-nantes.fr\/index.php\/wp-json\/wp\/v2\/pages\/2507\/revisions\/2871"}],"wp:attachment":[{"href":"https:\/\/chauffeur-prive-nantes.fr\/index.php\/wp-json\/wp\/v2\/media?parent=2507"}],"curies":[{"name":"wp","href":"https:\/\/api.w.org\/{rel}","templated":true}]}}